{"id":80,"date":"2023-10-07T09:31:56","date_gmt":"2023-10-07T09:31:56","guid":{"rendered":"https:\/\/zerdaliegitim.com.tr\/?page_id=80"},"modified":"2023-11-13T10:07:22","modified_gmt":"2023-11-13T10:07:22","slug":"iletisim","status":"publish","type":"page","link":"https:\/\/zerdaliegitim.com.tr\/?page_id=80","title":{"rendered":"\u0130leti\u015fim"},"content":{"rendered":"<p>Adres: Ayy\u0131ld\u0131z Mah. 1656.Cad. No: 23\/B\u00a0 \u00a0ET\u0130MESGUT<\/p>\n<p><iframe loading=\"lazy\" style=\"border: 0;\" src=\"https:\/\/www.google.com\/maps\/embed?pb=!1m26!1m12!1m3!1d24469.327411522347!2d32.5955276699545!3d39.94886172716159!2m3!1f0!2f0!3f0!3m2!1i1024!2i768!4f13.1!4m11!3e6!4m3!3m2!1d39.9671296!2d32.6172672!4m5!1s0x14d339a474f3fe6b%3A0x4d070948c7f427ee!2szerdali%20kre%C5%9F!3m2!1d39.9288236!2d32.619939099999996!5e0!3m2!1str!2str!4v1699868789274!5m2!1str!2str\" width=\"600\" height=\"450\" allowfullscreen=\"allowfullscreen\"><\/iframe><\/p>\n<p><span style=\"vertical-align: inherit;\"><span style=\"vertical-align: inherit;\">RANDEVU VE \u0130LET\u0130\u015e\u0130M : 0530 139 93 27<\/span><\/span><\/p>\n","protected":false},"excerpt":{"rendered":"<p>Adres: Ayy\u0131ld\u0131z Mah. 1656.Cad. No: 23\/B\u00a0 \u00a0ET\u0130MESGUT RANDEVU VE \u0130LET\u0130\u015e\u0130M : 0530 139 93 27<\/p>\n","protected":false},"author":1,"featured_media":0,"parent":0,"menu_order":0,"comment_status":"closed","ping_status":"closed","template":"","meta":{"footnotes":""},"class_list":["post-80","page","type-page","status-publish","hentry"],"_links":{"self":[{"href":"https:\/\/zerdaliegitim.com.tr\/index.php?rest_route=\/wp\/v2\/pages\/80","targetHints":{"allow":["GET"]}}],"collection":[{"href":"https:\/\/zerdaliegitim.com.tr\/index.php?rest_route=\/wp\/v2\/pages"}],"about":[{"href":"https:\/\/zerdaliegitim.com.tr\/index.php?rest_route=\/wp\/v2\/types\/page"}],"author":[{"embeddable":true,"href":"https:\/\/zerdaliegitim.com.tr\/index.php?rest_route=\/wp\/v2\/users\/1"}],"replies":[{"embeddable":true,"href":"https:\/\/zerdaliegitim.com.tr\/index.php?rest_route=%2Fwp%2Fv2%2Fcomments&post=80"}],"version-history":[{"count":9,"href":"https:\/\/zerdaliegitim.com.tr\/index.php?rest_route=\/wp\/v2\/pages\/80\/revisions"}],"predecessor-version":[{"id":257,"href":"https:\/\/zerdaliegitim.com.tr\/index.php?rest_route=\/wp\/v2\/pages\/80\/revisions\/257"}],"wp:attachment":[{"href":"https:\/\/zerdaliegitim.com.tr\/index.php?rest_route=%2Fwp%2Fv2%2Fmedia&parent=80"}],"curies":[{"name":"wp","href":"https:\/\/api.w.org\/{rel}","templated":true}]}}