{"id":86,"date":"2023-10-07T09:33:08","date_gmt":"2023-10-07T09:33:08","guid":{"rendered":"https:\/\/zerdaliegitim.com.tr\/?page_id=86"},"modified":"2023-10-07T11:09:11","modified_gmt":"2023-10-07T11:09:11","slug":"0-2-yas","status":"publish","type":"page","link":"https:\/\/zerdaliegitim.com.tr\/?page_id=86","title":{"rendered":"0-2 Ya\u015f"},"content":{"rendered":"<p><span style=\"vertical-align: inherit;\"><span style=\"vertical-align: inherit;\"><span style=\"vertical-align: inherit;\"><span style=\"vertical-align: inherit;\">0-2 ya\u015f d\u00f6nemindeki \u00e7ocuklar \u00e7evrelerin ayr\u0131lmas\u0131ndan ve ba\u011f\u0131ms\u0131z davranmaktan \u00e7ok keyif al\u0131rlar. <\/span><\/span><\/span><span style=\"vertical-align: inherit;\"><span style=\"vertical-align: inherit;\"><span style=\"vertical-align: inherit;\">Bu ya\u015f\u0131n bak\u0131m\u0131n\u0131n temizli\u011fine, e\u011flenceli oyunlara ve beslenme konular\u0131na dikkat edilir.<\/span><\/span><\/span><\/span><\/p>\n<p>&nbsp;<\/p>\n<p><strong>0- 2 Ya\u015f Grubunda Neler Yap\u0131yoruz&#8230;<\/strong><\/p>\n<p><img loading=\"lazy\" decoding=\"async\" class=\"wp-image-110 alignleft\" src=\"https:\/\/zerdaliegitim.com.tr\/wp-content\/uploads\/2023\/10\/OZ-BAKIM-UYGULAMALARI-2-300x300.png\" alt=\"\" width=\"120\" height=\"120\" srcset=\"https:\/\/zerdaliegitim.com.tr\/wp-content\/uploads\/2023\/10\/OZ-BAKIM-UYGULAMALARI-2-300x300.png 300w, https:\/\/zerdaliegitim.com.tr\/wp-content\/uploads\/2023\/10\/OZ-BAKIM-UYGULAMALARI-2-1024x1024.png 1024w, https:\/\/zerdaliegitim.com.tr\/wp-content\/uploads\/2023\/10\/OZ-BAKIM-UYGULAMALARI-2-150x150.png 150w, https:\/\/zerdaliegitim.com.tr\/wp-content\/uploads\/2023\/10\/OZ-BAKIM-UYGULAMALARI-2-768x768.png 768w, https:\/\/zerdaliegitim.com.tr\/wp-content\/uploads\/2023\/10\/OZ-BAKIM-UYGULAMALARI-2.png 1181w\" sizes=\"auto, (max-width: 120px) 100vw, 120px\" \/> <img loading=\"lazy\" decoding=\"async\" class=\"wp-image-111 alignleft\" src=\"https:\/\/zerdaliegitim.com.tr\/wp-content\/uploads\/2023\/10\/OZ-BAKIM-UYGULAMALARI-3-300x300.png\" alt=\"\" width=\"121\" height=\"121\" srcset=\"https:\/\/zerdaliegitim.com.tr\/wp-content\/uploads\/2023\/10\/OZ-BAKIM-UYGULAMALARI-3-300x300.png 300w, https:\/\/zerdaliegitim.com.tr\/wp-content\/uploads\/2023\/10\/OZ-BAKIM-UYGULAMALARI-3-1024x1024.png 1024w, https:\/\/zerdaliegitim.com.tr\/wp-content\/uploads\/2023\/10\/OZ-BAKIM-UYGULAMALARI-3-150x150.png 150w, https:\/\/zerdaliegitim.com.tr\/wp-content\/uploads\/2023\/10\/OZ-BAKIM-UYGULAMALARI-3-768x768.png 768w, https:\/\/zerdaliegitim.com.tr\/wp-content\/uploads\/2023\/10\/OZ-BAKIM-UYGULAMALARI-3.png 1181w\" sizes=\"auto, (max-width: 121px) 100vw, 121px\" \/><img loading=\"lazy\" decoding=\"async\" class=\"wp-image-114 alignleft\" src=\"https:\/\/zerdaliegitim.com.tr\/wp-content\/uploads\/2023\/10\/OZ-BAKIM-UYGULAMALARI-4-300x300.png\" alt=\"\" width=\"121\" height=\"121\" srcset=\"https:\/\/zerdaliegitim.com.tr\/wp-content\/uploads\/2023\/10\/OZ-BAKIM-UYGULAMALARI-4-300x300.png 300w, https:\/\/zerdaliegitim.com.tr\/wp-content\/uploads\/2023\/10\/OZ-BAKIM-UYGULAMALARI-4-1024x1024.png 1024w, https:\/\/zerdaliegitim.com.tr\/wp-content\/uploads\/2023\/10\/OZ-BAKIM-UYGULAMALARI-4-150x150.png 150w, https:\/\/zerdaliegitim.com.tr\/wp-content\/uploads\/2023\/10\/OZ-BAKIM-UYGULAMALARI-4-768x768.png 768w, https:\/\/zerdaliegitim.com.tr\/wp-content\/uploads\/2023\/10\/OZ-BAKIM-UYGULAMALARI-4.png 1181w\" sizes=\"auto, (max-width: 121px) 100vw, 121px\" \/><img loading=\"lazy\" decoding=\"async\" class=\"wp-image-117 alignleft\" src=\"https:\/\/zerdaliegitim.com.tr\/wp-content\/uploads\/2023\/10\/OZ-BAKIM-UYGULAMALARI-5-300x300.png\" alt=\"\" width=\"121\" height=\"121\" srcset=\"https:\/\/zerdaliegitim.com.tr\/wp-content\/uploads\/2023\/10\/OZ-BAKIM-UYGULAMALARI-5-300x300.png 300w, https:\/\/zerdaliegitim.com.tr\/wp-content\/uploads\/2023\/10\/OZ-BAKIM-UYGULAMALARI-5-1024x1024.png 1024w, https:\/\/zerdaliegitim.com.tr\/wp-content\/uploads\/2023\/10\/OZ-BAKIM-UYGULAMALARI-5-150x150.png 150w, https:\/\/zerdaliegitim.com.tr\/wp-content\/uploads\/2023\/10\/OZ-BAKIM-UYGULAMALARI-5-768x768.png 768w, https:\/\/zerdaliegitim.com.tr\/wp-content\/uploads\/2023\/10\/OZ-BAKIM-UYGULAMALARI-5.png 1181w\" sizes=\"auto, (max-width: 121px) 100vw, 121px\" \/><img loading=\"lazy\" decoding=\"async\" class=\"wp-image-124 alignleft\" src=\"https:\/\/zerdaliegitim.com.tr\/wp-content\/uploads\/2023\/10\/OZ-BAKIM-UYGULAMALARI-7-300x300.png\" alt=\"\" width=\"121\" height=\"121\" srcset=\"https:\/\/zerdaliegitim.com.tr\/wp-content\/uploads\/2023\/10\/OZ-BAKIM-UYGULAMALARI-7-300x300.png 300w, https:\/\/zerdaliegitim.com.tr\/wp-content\/uploads\/2023\/10\/OZ-BAKIM-UYGULAMALARI-7-1024x1024.png 1024w, https:\/\/zerdaliegitim.com.tr\/wp-content\/uploads\/2023\/10\/OZ-BAKIM-UYGULAMALARI-7-150x150.png 150w, https:\/\/zerdaliegitim.com.tr\/wp-content\/uploads\/2023\/10\/OZ-BAKIM-UYGULAMALARI-7-768x768.png 768w, https:\/\/zerdaliegitim.com.tr\/wp-content\/uploads\/2023\/10\/OZ-BAKIM-UYGULAMALARI-7.png 1181w\" sizes=\"auto, (max-width: 121px) 100vw, 121px\" \/> <img loading=\"lazy\" decoding=\"async\" class=\"wp-image-121 alignleft\" src=\"https:\/\/zerdaliegitim.com.tr\/wp-content\/uploads\/2023\/10\/OZ-BAKIM-UYGULAMALARI-6-300x300.png\" alt=\"\" width=\"121\" height=\"121\" srcset=\"https:\/\/zerdaliegitim.com.tr\/wp-content\/uploads\/2023\/10\/OZ-BAKIM-UYGULAMALARI-6-300x300.png 300w, https:\/\/zerdaliegitim.com.tr\/wp-content\/uploads\/2023\/10\/OZ-BAKIM-UYGULAMALARI-6-1024x1024.png 1024w, https:\/\/zerdaliegitim.com.tr\/wp-content\/uploads\/2023\/10\/OZ-BAKIM-UYGULAMALARI-6-150x150.png 150w, https:\/\/zerdaliegitim.com.tr\/wp-content\/uploads\/2023\/10\/OZ-BAKIM-UYGULAMALARI-6-768x768.png 768w, https:\/\/zerdaliegitim.com.tr\/wp-content\/uploads\/2023\/10\/OZ-BAKIM-UYGULAMALARI-6.png 1181w\" sizes=\"auto, (max-width: 121px) 100vw, 121px\" \/><\/p>\n","protected":false},"excerpt":{"rendered":"<p>0-2 ya\u015f d\u00f6nemindeki \u00e7ocuklar \u00e7evrelerin ayr\u0131lmas\u0131ndan ve ba\u011f\u0131ms\u0131z davranmaktan \u00e7ok keyif al\u0131rlar. Bu ya\u015f\u0131n bak\u0131m\u0131n\u0131n temizli\u011fine, e\u011flenceli oyunlara ve beslenme konular\u0131na dikkat edilir. &nbsp; 0- 2 Ya\u015f Grubunda Neler Yap\u0131yoruz&#8230;<\/p>\n","protected":false},"author":1,"featured_media":0,"parent":0,"menu_order":0,"comment_status":"closed","ping_status":"closed","template":"","meta":{"footnotes":""},"class_list":["post-86","page","type-page","status-publish","hentry"],"_links":{"self":[{"href":"https:\/\/zerdaliegitim.com.tr\/index.php?rest_route=\/wp\/v2\/pages\/86","targetHints":{"allow":["GET"]}}],"collection":[{"href":"https:\/\/zerdaliegitim.com.tr\/index.php?rest_route=\/wp\/v2\/pages"}],"about":[{"href":"https:\/\/zerdaliegitim.com.tr\/index.php?rest_route=\/wp\/v2\/types\/page"}],"author":[{"embeddable":true,"href":"https:\/\/zerdaliegitim.com.tr\/index.php?rest_route=\/wp\/v2\/users\/1"}],"replies":[{"embeddable":true,"href":"https:\/\/zerdaliegitim.com.tr\/index.php?rest_route=%2Fwp%2Fv2%2Fcomments&post=86"}],"version-history":[{"count":19,"href":"https:\/\/zerdaliegitim.com.tr\/index.php?rest_route=\/wp\/v2\/pages\/86\/revisions"}],"predecessor-version":[{"id":167,"href":"https:\/\/zerdaliegitim.com.tr\/index.php?rest_route=\/wp\/v2\/pages\/86\/revisions\/167"}],"wp:attachment":[{"href":"https:\/\/zerdaliegitim.com.tr\/index.php?rest_route=%2Fwp%2Fv2%2Fmedia&parent=86"}],"curies":[{"name":"wp","href":"https:\/\/api.w.org\/{rel}","templated":true}]}}