{"id":88,"date":"2023-10-07T09:33:16","date_gmt":"2023-10-07T09:33:16","guid":{"rendered":"https:\/\/zerdaliegitim.com.tr\/?page_id=88"},"modified":"2024-08-23T12:28:12","modified_gmt":"2024-08-23T12:28:12","slug":"3-yas","status":"publish","type":"page","link":"https:\/\/zerdaliegitim.com.tr\/?page_id=88","title":{"rendered":"3 Ya\u015f"},"content":{"rendered":"<p><span style=\"vertical-align: inherit;\"><span style=\"vertical-align: inherit;\"><span style=\"vertical-align: inherit;\"><span style=\"vertical-align: inherit;\">3 Ya\u015f\u0131nda yarat\u0131c\u0131l\u0131\u011f\u0131n artmas\u0131yla sembolik oyun evresine girer. Ayn\u0131 zamanda bir \u00e7ok soru soruldu ve merak\u0131n y\u00fcksek oldu\u011fu geli\u015fimin basama\u011f\u0131ndad\u0131r. Bu ya\u015f grubuna ait m\u00fczikli oyunlar, renk oyunlar\u0131, hayvan taklidi ve bunun gibi dikkat yetene\u011fi beden kordinasyonlar\u0131n\u0131, motor geli\u015fim geli\u015ftirme \u00e7al\u0131\u015fmalar\u0131 yapt\u0131r\u0131l\u0131r.<\/span><\/span><\/span><\/span><\/p>\n<p>&nbsp;<\/p>\n<p><strong><span style=\"vertical-align: inherit;\">3 Ya\u015f Grubunda Neler Yap\u0131yoruz&#8230;<\/span><\/strong><\/p>\n<p><img loading=\"lazy\" decoding=\"async\" class=\"wp-image-128 alignleft\" src=\"https:\/\/zerdaliegitim.com.tr\/wp-content\/uploads\/2023\/10\/OZ-BAKIM-UYGULAMALARI-8-300x300.png\" alt=\"\" width=\"121\" height=\"121\" srcset=\"https:\/\/zerdaliegitim.com.tr\/wp-content\/uploads\/2023\/10\/OZ-BAKIM-UYGULAMALARI-8-300x300.png 300w, https:\/\/zerdaliegitim.com.tr\/wp-content\/uploads\/2023\/10\/OZ-BAKIM-UYGULAMALARI-8-1024x1024.png 1024w, https:\/\/zerdaliegitim.com.tr\/wp-content\/uploads\/2023\/10\/OZ-BAKIM-UYGULAMALARI-8-150x150.png 150w, https:\/\/zerdaliegitim.com.tr\/wp-content\/uploads\/2023\/10\/OZ-BAKIM-UYGULAMALARI-8-768x768.png 768w, https:\/\/zerdaliegitim.com.tr\/wp-content\/uploads\/2023\/10\/OZ-BAKIM-UYGULAMALARI-8.png 1181w\" sizes=\"auto, (max-width: 121px) 100vw, 121px\" \/><img loading=\"lazy\" decoding=\"async\" class=\"wp-image-131 alignleft\" src=\"https:\/\/zerdaliegitim.com.tr\/wp-content\/uploads\/2023\/10\/OZ-BAKIM-UYGULAMALARI-9-300x300.png\" alt=\"\" width=\"121\" height=\"121\" srcset=\"https:\/\/zerdaliegitim.com.tr\/wp-content\/uploads\/2023\/10\/OZ-BAKIM-UYGULAMALARI-9-300x300.png 300w, https:\/\/zerdaliegitim.com.tr\/wp-content\/uploads\/2023\/10\/OZ-BAKIM-UYGULAMALARI-9-1024x1024.png 1024w, https:\/\/zerdaliegitim.com.tr\/wp-content\/uploads\/2023\/10\/OZ-BAKIM-UYGULAMALARI-9-150x150.png 150w, https:\/\/zerdaliegitim.com.tr\/wp-content\/uploads\/2023\/10\/OZ-BAKIM-UYGULAMALARI-9-768x768.png 768w, https:\/\/zerdaliegitim.com.tr\/wp-content\/uploads\/2023\/10\/OZ-BAKIM-UYGULAMALARI-9.png 1181w\" sizes=\"auto, (max-width: 121px) 100vw, 121px\" \/><img loading=\"lazy\" decoding=\"async\" class=\"wp-image-133 alignleft\" src=\"https:\/\/zerdaliegitim.com.tr\/wp-content\/uploads\/2023\/10\/OZ-BAKIM-UYGULAMALARI-10-300x300.png\" alt=\"\" width=\"121\" height=\"121\" srcset=\"https:\/\/zerdaliegitim.com.tr\/wp-content\/uploads\/2023\/10\/OZ-BAKIM-UYGULAMALARI-10-300x300.png 300w, https:\/\/zerdaliegitim.com.tr\/wp-content\/uploads\/2023\/10\/OZ-BAKIM-UYGULAMALARI-10-1024x1024.png 1024w, https:\/\/zerdaliegitim.com.tr\/wp-content\/uploads\/2023\/10\/OZ-BAKIM-UYGULAMALARI-10-150x150.png 150w, https:\/\/zerdaliegitim.com.tr\/wp-content\/uploads\/2023\/10\/OZ-BAKIM-UYGULAMALARI-10-768x768.png 768w, https:\/\/zerdaliegitim.com.tr\/wp-content\/uploads\/2023\/10\/OZ-BAKIM-UYGULAMALARI-10.png 1181w\" sizes=\"auto, (max-width: 121px) 100vw, 121px\" \/><img loading=\"lazy\" decoding=\"async\" class=\"wp-image-135 alignleft\" src=\"https:\/\/zerdaliegitim.com.tr\/wp-content\/uploads\/2023\/10\/OZ-BAKIM-UYGULAMALARI-11-300x300.png\" alt=\"\" width=\"121\" height=\"121\" srcset=\"https:\/\/zerdaliegitim.com.tr\/wp-content\/uploads\/2023\/10\/OZ-BAKIM-UYGULAMALARI-11-300x300.png 300w, https:\/\/zerdaliegitim.com.tr\/wp-content\/uploads\/2023\/10\/OZ-BAKIM-UYGULAMALARI-11-1024x1024.png 1024w, https:\/\/zerdaliegitim.com.tr\/wp-content\/uploads\/2023\/10\/OZ-BAKIM-UYGULAMALARI-11-150x150.png 150w, https:\/\/zerdaliegitim.com.tr\/wp-content\/uploads\/2023\/10\/OZ-BAKIM-UYGULAMALARI-11-768x768.png 768w, https:\/\/zerdaliegitim.com.tr\/wp-content\/uploads\/2023\/10\/OZ-BAKIM-UYGULAMALARI-11.png 1181w\" sizes=\"auto, (max-width: 121px) 100vw, 121px\" \/><img loading=\"lazy\" decoding=\"async\" class=\"wp-image-137 alignleft\" src=\"https:\/\/zerdaliegitim.com.tr\/wp-content\/uploads\/2023\/10\/OZ-BAKIM-UYGULAMALARI-12-300x300.png\" alt=\"\" width=\"121\" height=\"121\" srcset=\"https:\/\/zerdaliegitim.com.tr\/wp-content\/uploads\/2023\/10\/OZ-BAKIM-UYGULAMALARI-12-300x300.png 300w, https:\/\/zerdaliegitim.com.tr\/wp-content\/uploads\/2023\/10\/OZ-BAKIM-UYGULAMALARI-12-1024x1024.png 1024w, https:\/\/zerdaliegitim.com.tr\/wp-content\/uploads\/2023\/10\/OZ-BAKIM-UYGULAMALARI-12-150x150.png 150w, https:\/\/zerdaliegitim.com.tr\/wp-content\/uploads\/2023\/10\/OZ-BAKIM-UYGULAMALARI-12-768x768.png 768w, https:\/\/zerdaliegitim.com.tr\/wp-content\/uploads\/2023\/10\/OZ-BAKIM-UYGULAMALARI-12.png 1181w\" sizes=\"auto, (max-width: 121px) 100vw, 121px\" \/><img loading=\"lazy\" decoding=\"async\" class=\"wp-image-139 alignleft\" src=\"https:\/\/zerdaliegitim.com.tr\/wp-content\/uploads\/2023\/10\/OZ-BAKIM-UYGULAMALARI-13-300x300.png\" alt=\"\" width=\"121\" height=\"121\" srcset=\"https:\/\/zerdaliegitim.com.tr\/wp-content\/uploads\/2023\/10\/OZ-BAKIM-UYGULAMALARI-13-300x300.png 300w, https:\/\/zerdaliegitim.com.tr\/wp-content\/uploads\/2023\/10\/OZ-BAKIM-UYGULAMALARI-13-1024x1024.png 1024w, https:\/\/zerdaliegitim.com.tr\/wp-content\/uploads\/2023\/10\/OZ-BAKIM-UYGULAMALARI-13-150x150.png 150w, https:\/\/zerdaliegitim.com.tr\/wp-content\/uploads\/2023\/10\/OZ-BAKIM-UYGULAMALARI-13-768x768.png 768w, https:\/\/zerdaliegitim.com.tr\/wp-content\/uploads\/2023\/10\/OZ-BAKIM-UYGULAMALARI-13.png 1181w\" sizes=\"auto, (max-width: 121px) 100vw, 121px\" \/><img loading=\"lazy\" decoding=\"async\" class=\"wp-image-141 alignleft\" src=\"https:\/\/zerdaliegitim.com.tr\/wp-content\/uploads\/2023\/10\/OZ-BAKIM-UYGULAMALARI-14-300x300.png\" alt=\"\" width=\"121\" height=\"121\" srcset=\"https:\/\/zerdaliegitim.com.tr\/wp-content\/uploads\/2023\/10\/OZ-BAKIM-UYGULAMALARI-14-300x300.png 300w, https:\/\/zerdaliegitim.com.tr\/wp-content\/uploads\/2023\/10\/OZ-BAKIM-UYGULAMALARI-14-1024x1024.png 1024w, https:\/\/zerdaliegitim.com.tr\/wp-content\/uploads\/2023\/10\/OZ-BAKIM-UYGULAMALARI-14-150x150.png 150w, https:\/\/zerdaliegitim.com.tr\/wp-content\/uploads\/2023\/10\/OZ-BAKIM-UYGULAMALARI-14-768x768.png 768w, https:\/\/zerdaliegitim.com.tr\/wp-content\/uploads\/2023\/10\/OZ-BAKIM-UYGULAMALARI-14.png 1181w\" sizes=\"auto, (max-width: 121px) 100vw, 121px\" \/><img loading=\"lazy\" decoding=\"async\" class=\"wp-image-143 alignleft\" src=\"https:\/\/zerdaliegitim.com.tr\/wp-content\/uploads\/2023\/10\/OZ-BAKIM-UYGULAMALARI-15-300x300.png\" alt=\"\" width=\"121\" height=\"121\" srcset=\"https:\/\/zerdaliegitim.com.tr\/wp-content\/uploads\/2023\/10\/OZ-BAKIM-UYGULAMALARI-15-300x300.png 300w, https:\/\/zerdaliegitim.com.tr\/wp-content\/uploads\/2023\/10\/OZ-BAKIM-UYGULAMALARI-15-1024x1024.png 1024w, https:\/\/zerdaliegitim.com.tr\/wp-content\/uploads\/2023\/10\/OZ-BAKIM-UYGULAMALARI-15-150x150.png 150w, https:\/\/zerdaliegitim.com.tr\/wp-content\/uploads\/2023\/10\/OZ-BAKIM-UYGULAMALARI-15-768x768.png 768w, https:\/\/zerdaliegitim.com.tr\/wp-content\/uploads\/2023\/10\/OZ-BAKIM-UYGULAMALARI-15.png 1181w\" sizes=\"auto, (max-width: 121px) 100vw, 121px\" \/><\/p>\n","protected":false},"excerpt":{"rendered":"<p>3 Ya\u015f\u0131nda yarat\u0131c\u0131l\u0131\u011f\u0131n artmas\u0131yla sembolik oyun evresine girer. Ayn\u0131 zamanda bir \u00e7ok soru soruldu ve merak\u0131n y\u00fcksek oldu\u011fu geli\u015fimin basama\u011f\u0131ndad\u0131r. Bu ya\u015f grubuna ait m\u00fczikli oyunlar, renk oyunlar\u0131, hayvan taklidi ve bunun gibi dikkat yetene\u011fi beden kordinasyonlar\u0131n\u0131, motor geli\u015fim geli\u015ftirme \u00e7al\u0131\u015fmalar\u0131 yapt\u0131r\u0131l\u0131r. &nbsp; 3 Ya\u015f Grubunda Neler Yap\u0131yoruz&#8230;<\/p>\n","protected":false},"author":1,"featured_media":0,"parent":0,"menu_order":0,"comment_status":"closed","ping_status":"closed","template":"","meta":{"footnotes":""},"class_list":["post-88","page","type-page","status-publish","hentry"],"_links":{"self":[{"href":"https:\/\/zerdaliegitim.com.tr\/index.php?rest_route=\/wp\/v2\/pages\/88","targetHints":{"allow":["GET"]}}],"collection":[{"href":"https:\/\/zerdaliegitim.com.tr\/index.php?rest_route=\/wp\/v2\/pages"}],"about":[{"href":"https:\/\/zerdaliegitim.com.tr\/index.php?rest_route=\/wp\/v2\/types\/page"}],"author":[{"embeddable":true,"href":"https:\/\/zerdaliegitim.com.tr\/index.php?rest_route=\/wp\/v2\/users\/1"}],"replies":[{"embeddable":true,"href":"https:\/\/zerdaliegitim.com.tr\/index.php?rest_route=%2Fwp%2Fv2%2Fcomments&post=88"}],"version-history":[{"count":16,"href":"https:\/\/zerdaliegitim.com.tr\/index.php?rest_route=\/wp\/v2\/pages\/88\/revisions"}],"predecessor-version":[{"id":265,"href":"https:\/\/zerdaliegitim.com.tr\/index.php?rest_route=\/wp\/v2\/pages\/88\/revisions\/265"}],"wp:attachment":[{"href":"https:\/\/zerdaliegitim.com.tr\/index.php?rest_route=%2Fwp%2Fv2%2Fmedia&parent=88"}],"curies":[{"name":"wp","href":"https:\/\/api.w.org\/{rel}","templated":true}]}}