{"id":90,"date":"2023-10-07T09:33:26","date_gmt":"2023-10-07T09:33:26","guid":{"rendered":"https:\/\/zerdaliegitim.com.tr\/?page_id=90"},"modified":"2023-10-07T11:07:49","modified_gmt":"2023-10-07T11:07:49","slug":"4-yas","status":"publish","type":"page","link":"https:\/\/zerdaliegitim.com.tr\/?page_id=90","title":{"rendered":"4 Ya\u015f"},"content":{"rendered":"<p>4 Ya\u015f \u00e7ocuklarda e\u011flenceli ve \u00f6\u011fretici oyun saatleri, motor geli\u015fim, (b\u00fcy\u00fck ve k\u00fc\u00e7\u00fck kas motor geli\u015fim) etkinlikler, dil geli\u015fim, sosyal, duygusal, fiziksel ve bedensel kordinasyonlar\u0131n\u0131 destekleyici etkinlikler yapt\u0131r\u0131l\u0131r.<\/p>\n<p>&nbsp;<\/p>\n<p><strong>4 Ya\u015f Grubunda Neler Yap\u0131yoruz&#8230;<\/strong><\/p>\n<p><img loading=\"lazy\" decoding=\"async\" class=\"wp-image-148 alignleft\" src=\"https:\/\/zerdaliegitim.com.tr\/wp-content\/uploads\/2023\/10\/OZ-BAKIM-UYGULAMALARI-17-300x300.png\" alt=\"\" width=\"121\" height=\"121\" srcset=\"https:\/\/zerdaliegitim.com.tr\/wp-content\/uploads\/2023\/10\/OZ-BAKIM-UYGULAMALARI-17-300x300.png 300w, https:\/\/zerdaliegitim.com.tr\/wp-content\/uploads\/2023\/10\/OZ-BAKIM-UYGULAMALARI-17-1024x1024.png 1024w, https:\/\/zerdaliegitim.com.tr\/wp-content\/uploads\/2023\/10\/OZ-BAKIM-UYGULAMALARI-17-150x150.png 150w, https:\/\/zerdaliegitim.com.tr\/wp-content\/uploads\/2023\/10\/OZ-BAKIM-UYGULAMALARI-17-768x768.png 768w, https:\/\/zerdaliegitim.com.tr\/wp-content\/uploads\/2023\/10\/OZ-BAKIM-UYGULAMALARI-17.png 1181w\" sizes=\"auto, (max-width: 121px) 100vw, 121px\" \/><img loading=\"lazy\" decoding=\"async\" class=\"wp-image-150 alignleft\" src=\"https:\/\/zerdaliegitim.com.tr\/wp-content\/uploads\/2023\/10\/OZ-BAKIM-UYGULAMALARI-18-300x300.png\" alt=\"\" width=\"121\" height=\"121\" srcset=\"https:\/\/zerdaliegitim.com.tr\/wp-content\/uploads\/2023\/10\/OZ-BAKIM-UYGULAMALARI-18-300x300.png 300w, https:\/\/zerdaliegitim.com.tr\/wp-content\/uploads\/2023\/10\/OZ-BAKIM-UYGULAMALARI-18-1024x1024.png 1024w, https:\/\/zerdaliegitim.com.tr\/wp-content\/uploads\/2023\/10\/OZ-BAKIM-UYGULAMALARI-18-150x150.png 150w, https:\/\/zerdaliegitim.com.tr\/wp-content\/uploads\/2023\/10\/OZ-BAKIM-UYGULAMALARI-18-768x768.png 768w, https:\/\/zerdaliegitim.com.tr\/wp-content\/uploads\/2023\/10\/OZ-BAKIM-UYGULAMALARI-18.png 1181w\" sizes=\"auto, (max-width: 121px) 100vw, 121px\" \/><img loading=\"lazy\" decoding=\"async\" class=\"wp-image-152 alignleft\" src=\"https:\/\/zerdaliegitim.com.tr\/wp-content\/uploads\/2023\/10\/OZ-BAKIM-UYGULAMALARI-19-300x300.png\" alt=\"\" width=\"121\" height=\"121\" srcset=\"https:\/\/zerdaliegitim.com.tr\/wp-content\/uploads\/2023\/10\/OZ-BAKIM-UYGULAMALARI-19-300x300.png 300w, https:\/\/zerdaliegitim.com.tr\/wp-content\/uploads\/2023\/10\/OZ-BAKIM-UYGULAMALARI-19-1024x1024.png 1024w, https:\/\/zerdaliegitim.com.tr\/wp-content\/uploads\/2023\/10\/OZ-BAKIM-UYGULAMALARI-19-150x150.png 150w, https:\/\/zerdaliegitim.com.tr\/wp-content\/uploads\/2023\/10\/OZ-BAKIM-UYGULAMALARI-19-768x768.png 768w, https:\/\/zerdaliegitim.com.tr\/wp-content\/uploads\/2023\/10\/OZ-BAKIM-UYGULAMALARI-19.png 1181w\" sizes=\"auto, (max-width: 121px) 100vw, 121px\" \/><img loading=\"lazy\" decoding=\"async\" class=\"wp-image-154 alignleft\" src=\"https:\/\/zerdaliegitim.com.tr\/wp-content\/uploads\/2023\/10\/OZ-BAKIM-UYGULAMALARI-20-300x300.png\" alt=\"\" width=\"121\" height=\"121\" srcset=\"https:\/\/zerdaliegitim.com.tr\/wp-content\/uploads\/2023\/10\/OZ-BAKIM-UYGULAMALARI-20-300x300.png 300w, https:\/\/zerdaliegitim.com.tr\/wp-content\/uploads\/2023\/10\/OZ-BAKIM-UYGULAMALARI-20-1024x1024.png 1024w, https:\/\/zerdaliegitim.com.tr\/wp-content\/uploads\/2023\/10\/OZ-BAKIM-UYGULAMALARI-20-150x150.png 150w, https:\/\/zerdaliegitim.com.tr\/wp-content\/uploads\/2023\/10\/OZ-BAKIM-UYGULAMALARI-20-768x768.png 768w, https:\/\/zerdaliegitim.com.tr\/wp-content\/uploads\/2023\/10\/OZ-BAKIM-UYGULAMALARI-20.png 1181w\" sizes=\"auto, (max-width: 121px) 100vw, 121px\" \/><img loading=\"lazy\" decoding=\"async\" class=\"wp-image-156 alignleft\" src=\"https:\/\/zerdaliegitim.com.tr\/wp-content\/uploads\/2023\/10\/OZ-BAKIM-UYGULAMALARI-21-300x300.png\" alt=\"\" width=\"121\" height=\"121\" srcset=\"https:\/\/zerdaliegitim.com.tr\/wp-content\/uploads\/2023\/10\/OZ-BAKIM-UYGULAMALARI-21-300x300.png 300w, https:\/\/zerdaliegitim.com.tr\/wp-content\/uploads\/2023\/10\/OZ-BAKIM-UYGULAMALARI-21-1024x1024.png 1024w, https:\/\/zerdaliegitim.com.tr\/wp-content\/uploads\/2023\/10\/OZ-BAKIM-UYGULAMALARI-21-150x150.png 150w, https:\/\/zerdaliegitim.com.tr\/wp-content\/uploads\/2023\/10\/OZ-BAKIM-UYGULAMALARI-21-768x768.png 768w, https:\/\/zerdaliegitim.com.tr\/wp-content\/uploads\/2023\/10\/OZ-BAKIM-UYGULAMALARI-21.png 1181w\" sizes=\"auto, (max-width: 121px) 100vw, 121px\" \/><img loading=\"lazy\" decoding=\"async\" class=\"wp-image-158 alignleft\" src=\"https:\/\/zerdaliegitim.com.tr\/wp-content\/uploads\/2023\/10\/OZ-BAKIM-UYGULAMALARI-22-300x300.png\" alt=\"\" width=\"120\" height=\"120\" srcset=\"https:\/\/zerdaliegitim.com.tr\/wp-content\/uploads\/2023\/10\/OZ-BAKIM-UYGULAMALARI-22-300x300.png 300w, https:\/\/zerdaliegitim.com.tr\/wp-content\/uploads\/2023\/10\/OZ-BAKIM-UYGULAMALARI-22-1024x1024.png 1024w, https:\/\/zerdaliegitim.com.tr\/wp-content\/uploads\/2023\/10\/OZ-BAKIM-UYGULAMALARI-22-150x150.png 150w, https:\/\/zerdaliegitim.com.tr\/wp-content\/uploads\/2023\/10\/OZ-BAKIM-UYGULAMALARI-22-768x768.png 768w, https:\/\/zerdaliegitim.com.tr\/wp-content\/uploads\/2023\/10\/OZ-BAKIM-UYGULAMALARI-22.png 1181w\" sizes=\"auto, (max-width: 120px) 100vw, 120px\" \/><img loading=\"lazy\" decoding=\"async\" class=\"wp-image-161 alignleft\" src=\"https:\/\/zerdaliegitim.com.tr\/wp-content\/uploads\/2023\/10\/OZ-BAKIM-UYGULAMALARI-23-300x300.png\" alt=\"\" width=\"121\" height=\"121\" srcset=\"https:\/\/zerdaliegitim.com.tr\/wp-content\/uploads\/2023\/10\/OZ-BAKIM-UYGULAMALARI-23-300x300.png 300w, https:\/\/zerdaliegitim.com.tr\/wp-content\/uploads\/2023\/10\/OZ-BAKIM-UYGULAMALARI-23-1024x1024.png 1024w, https:\/\/zerdaliegitim.com.tr\/wp-content\/uploads\/2023\/10\/OZ-BAKIM-UYGULAMALARI-23-150x150.png 150w, https:\/\/zerdaliegitim.com.tr\/wp-content\/uploads\/2023\/10\/OZ-BAKIM-UYGULAMALARI-23-768x768.png 768w, https:\/\/zerdaliegitim.com.tr\/wp-content\/uploads\/2023\/10\/OZ-BAKIM-UYGULAMALARI-23.png 1181w\" sizes=\"auto, (max-width: 121px) 100vw, 121px\" \/><img loading=\"lazy\" decoding=\"async\" class=\"wp-image-163 alignleft\" src=\"https:\/\/zerdaliegitim.com.tr\/wp-content\/uploads\/2023\/10\/OZ-BAKIM-UYGULAMALARI-24-300x300.png\" alt=\"\" width=\"121\" height=\"121\" srcset=\"https:\/\/zerdaliegitim.com.tr\/wp-content\/uploads\/2023\/10\/OZ-BAKIM-UYGULAMALARI-24-300x300.png 300w, https:\/\/zerdaliegitim.com.tr\/wp-content\/uploads\/2023\/10\/OZ-BAKIM-UYGULAMALARI-24-1024x1024.png 1024w, https:\/\/zerdaliegitim.com.tr\/wp-content\/uploads\/2023\/10\/OZ-BAKIM-UYGULAMALARI-24-150x150.png 150w, https:\/\/zerdaliegitim.com.tr\/wp-content\/uploads\/2023\/10\/OZ-BAKIM-UYGULAMALARI-24-768x768.png 768w, https:\/\/zerdaliegitim.com.tr\/wp-content\/uploads\/2023\/10\/OZ-BAKIM-UYGULAMALARI-24.png 1181w\" sizes=\"auto, (max-width: 121px) 100vw, 121px\" \/><\/p>\n","protected":false},"excerpt":{"rendered":"<p>4 Ya\u015f \u00e7ocuklarda e\u011flenceli ve \u00f6\u011fretici oyun saatleri, motor geli\u015fim, (b\u00fcy\u00fck ve k\u00fc\u00e7\u00fck kas motor geli\u015fim) etkinlikler, dil geli\u015fim, sosyal, duygusal, fiziksel ve bedensel kordinasyonlar\u0131n\u0131 destekleyici etkinlikler yapt\u0131r\u0131l\u0131r. &nbsp; 4 Ya\u015f Grubunda Neler Yap\u0131yoruz&#8230;<\/p>\n","protected":false},"author":1,"featured_media":0,"parent":0,"menu_order":0,"comment_status":"closed","ping_status":"closed","template":"","meta":{"footnotes":""},"class_list":["post-90","page","type-page","status-publish","hentry"],"_links":{"self":[{"href":"https:\/\/zerdaliegitim.com.tr\/index.php?rest_route=\/wp\/v2\/pages\/90","targetHints":{"allow":["GET"]}}],"collection":[{"href":"https:\/\/zerdaliegitim.com.tr\/index.php?rest_route=\/wp\/v2\/pages"}],"about":[{"href":"https:\/\/zerdaliegitim.com.tr\/index.php?rest_route=\/wp\/v2\/types\/page"}],"author":[{"embeddable":true,"href":"https:\/\/zerdaliegitim.com.tr\/index.php?rest_route=\/wp\/v2\/users\/1"}],"replies":[{"embeddable":true,"href":"https:\/\/zerdaliegitim.com.tr\/index.php?rest_route=%2Fwp%2Fv2%2Fcomments&post=90"}],"version-history":[{"count":11,"href":"https:\/\/zerdaliegitim.com.tr\/index.php?rest_route=\/wp\/v2\/pages\/90\/revisions"}],"predecessor-version":[{"id":164,"href":"https:\/\/zerdaliegitim.com.tr\/index.php?rest_route=\/wp\/v2\/pages\/90\/revisions\/164"}],"wp:attachment":[{"href":"https:\/\/zerdaliegitim.com.tr\/index.php?rest_route=%2Fwp%2Fv2%2Fmedia&parent=90"}],"curies":[{"name":"wp","href":"https:\/\/api.w.org\/{rel}","templated":true}]}}