{"id":92,"date":"2023-10-07T09:33:43","date_gmt":"2023-10-07T09:33:43","guid":{"rendered":"https:\/\/zerdaliegitim.com.tr\/?page_id=92"},"modified":"2023-10-07T11:23:04","modified_gmt":"2023-10-07T11:23:04","slug":"5-yas","status":"publish","type":"page","link":"https:\/\/zerdaliegitim.com.tr\/?page_id=92","title":{"rendered":"5 Ya\u015f"},"content":{"rendered":"<p>5 ya\u015f grubu daha e\u011flence odakl\u0131 d\u00fc\u015f\u00fcnmeye ba\u015flar. Bu grupta sesleri tan\u0131ma, sanat at\u00f6lyeleri, m\u00fczik dersleri, dans e\u011fitimleri, jimnastik e\u011fitimleri, Spor e\u011fitimleri ve bunun gibi motor geli\u015fim ve beden kordinasyonunu destekleyici oyunlar oynan\u0131r.<\/p>\n<p>&nbsp;<\/p>\n<p><strong>5 Ya\u015f Grubunda Neler Yap\u0131yoruz\u2026<\/strong><\/p>\n<p><img loading=\"lazy\" decoding=\"async\" class=\"wp-image-170 alignleft\" src=\"https:\/\/zerdaliegitim.com.tr\/wp-content\/uploads\/2023\/10\/OZ-BAKIM-UYGULAMALARI-25-300x300.png\" alt=\"\" width=\"121\" height=\"121\" srcset=\"https:\/\/zerdaliegitim.com.tr\/wp-content\/uploads\/2023\/10\/OZ-BAKIM-UYGULAMALARI-25-300x300.png 300w, https:\/\/zerdaliegitim.com.tr\/wp-content\/uploads\/2023\/10\/OZ-BAKIM-UYGULAMALARI-25-1024x1024.png 1024w, https:\/\/zerdaliegitim.com.tr\/wp-content\/uploads\/2023\/10\/OZ-BAKIM-UYGULAMALARI-25-150x150.png 150w, https:\/\/zerdaliegitim.com.tr\/wp-content\/uploads\/2023\/10\/OZ-BAKIM-UYGULAMALARI-25-768x768.png 768w, https:\/\/zerdaliegitim.com.tr\/wp-content\/uploads\/2023\/10\/OZ-BAKIM-UYGULAMALARI-25.png 1181w\" sizes=\"auto, (max-width: 121px) 100vw, 121px\" \/><img loading=\"lazy\" decoding=\"async\" class=\"wp-image-172 alignleft\" src=\"https:\/\/zerdaliegitim.com.tr\/wp-content\/uploads\/2023\/10\/OZ-BAKIM-UYGULAMALARI-26-300x300.png\" alt=\"\" width=\"121\" height=\"121\" srcset=\"https:\/\/zerdaliegitim.com.tr\/wp-content\/uploads\/2023\/10\/OZ-BAKIM-UYGULAMALARI-26-300x300.png 300w, https:\/\/zerdaliegitim.com.tr\/wp-content\/uploads\/2023\/10\/OZ-BAKIM-UYGULAMALARI-26-1024x1024.png 1024w, https:\/\/zerdaliegitim.com.tr\/wp-content\/uploads\/2023\/10\/OZ-BAKIM-UYGULAMALARI-26-150x150.png 150w, https:\/\/zerdaliegitim.com.tr\/wp-content\/uploads\/2023\/10\/OZ-BAKIM-UYGULAMALARI-26-768x768.png 768w, https:\/\/zerdaliegitim.com.tr\/wp-content\/uploads\/2023\/10\/OZ-BAKIM-UYGULAMALARI-26.png 1181w\" sizes=\"auto, (max-width: 121px) 100vw, 121px\" \/><img loading=\"lazy\" decoding=\"async\" class=\"wp-image-174 alignleft\" src=\"https:\/\/zerdaliegitim.com.tr\/wp-content\/uploads\/2023\/10\/OZ-BAKIM-UYGULAMALARI-27-300x300.png\" alt=\"\" width=\"121\" height=\"121\" srcset=\"https:\/\/zerdaliegitim.com.tr\/wp-content\/uploads\/2023\/10\/OZ-BAKIM-UYGULAMALARI-27-300x300.png 300w, https:\/\/zerdaliegitim.com.tr\/wp-content\/uploads\/2023\/10\/OZ-BAKIM-UYGULAMALARI-27-1024x1024.png 1024w, https:\/\/zerdaliegitim.com.tr\/wp-content\/uploads\/2023\/10\/OZ-BAKIM-UYGULAMALARI-27-150x150.png 150w, https:\/\/zerdaliegitim.com.tr\/wp-content\/uploads\/2023\/10\/OZ-BAKIM-UYGULAMALARI-27-768x768.png 768w, https:\/\/zerdaliegitim.com.tr\/wp-content\/uploads\/2023\/10\/OZ-BAKIM-UYGULAMALARI-27.png 1181w\" sizes=\"auto, (max-width: 121px) 100vw, 121px\" \/><img loading=\"lazy\" decoding=\"async\" class=\"wp-image-176 alignleft\" src=\"https:\/\/zerdaliegitim.com.tr\/wp-content\/uploads\/2023\/10\/OZ-BAKIM-UYGULAMALARI-28-300x300.png\" alt=\"\" width=\"121\" height=\"121\" srcset=\"https:\/\/zerdaliegitim.com.tr\/wp-content\/uploads\/2023\/10\/OZ-BAKIM-UYGULAMALARI-28-300x300.png 300w, https:\/\/zerdaliegitim.com.tr\/wp-content\/uploads\/2023\/10\/OZ-BAKIM-UYGULAMALARI-28-1024x1024.png 1024w, https:\/\/zerdaliegitim.com.tr\/wp-content\/uploads\/2023\/10\/OZ-BAKIM-UYGULAMALARI-28-150x150.png 150w, https:\/\/zerdaliegitim.com.tr\/wp-content\/uploads\/2023\/10\/OZ-BAKIM-UYGULAMALARI-28-768x768.png 768w, https:\/\/zerdaliegitim.com.tr\/wp-content\/uploads\/2023\/10\/OZ-BAKIM-UYGULAMALARI-28.png 1181w\" sizes=\"auto, (max-width: 121px) 100vw, 121px\" \/><img loading=\"lazy\" decoding=\"async\" class=\"wp-image-178 alignleft\" src=\"https:\/\/zerdaliegitim.com.tr\/wp-content\/uploads\/2023\/10\/OZ-BAKIM-UYGULAMALARI-29-300x300.png\" alt=\"\" width=\"121\" height=\"121\" srcset=\"https:\/\/zerdaliegitim.com.tr\/wp-content\/uploads\/2023\/10\/OZ-BAKIM-UYGULAMALARI-29-300x300.png 300w, https:\/\/zerdaliegitim.com.tr\/wp-content\/uploads\/2023\/10\/OZ-BAKIM-UYGULAMALARI-29-1024x1024.png 1024w, https:\/\/zerdaliegitim.com.tr\/wp-content\/uploads\/2023\/10\/OZ-BAKIM-UYGULAMALARI-29-150x150.png 150w, https:\/\/zerdaliegitim.com.tr\/wp-content\/uploads\/2023\/10\/OZ-BAKIM-UYGULAMALARI-29-768x768.png 768w, https:\/\/zerdaliegitim.com.tr\/wp-content\/uploads\/2023\/10\/OZ-BAKIM-UYGULAMALARI-29.png 1181w\" sizes=\"auto, (max-width: 121px) 100vw, 121px\" \/><img loading=\"lazy\" decoding=\"async\" class=\"wp-image-180 alignleft\" src=\"https:\/\/zerdaliegitim.com.tr\/wp-content\/uploads\/2023\/10\/OZ-BAKIM-UYGULAMALARI-30-300x300.png\" alt=\"\" width=\"121\" height=\"121\" srcset=\"https:\/\/zerdaliegitim.com.tr\/wp-content\/uploads\/2023\/10\/OZ-BAKIM-UYGULAMALARI-30-300x300.png 300w, https:\/\/zerdaliegitim.com.tr\/wp-content\/uploads\/2023\/10\/OZ-BAKIM-UYGULAMALARI-30-1024x1024.png 1024w, https:\/\/zerdaliegitim.com.tr\/wp-content\/uploads\/2023\/10\/OZ-BAKIM-UYGULAMALARI-30-150x150.png 150w, https:\/\/zerdaliegitim.com.tr\/wp-content\/uploads\/2023\/10\/OZ-BAKIM-UYGULAMALARI-30-768x768.png 768w, https:\/\/zerdaliegitim.com.tr\/wp-content\/uploads\/2023\/10\/OZ-BAKIM-UYGULAMALARI-30.png 1181w\" sizes=\"auto, (max-width: 121px) 100vw, 121px\" \/><img loading=\"lazy\" decoding=\"async\" class=\"wp-image-182 alignleft\" src=\"https:\/\/zerdaliegitim.com.tr\/wp-content\/uploads\/2023\/10\/OZ-BAKIM-UYGULAMALARI-31-300x300.png\" alt=\"\" width=\"121\" height=\"121\" srcset=\"https:\/\/zerdaliegitim.com.tr\/wp-content\/uploads\/2023\/10\/OZ-BAKIM-UYGULAMALARI-31-300x300.png 300w, https:\/\/zerdaliegitim.com.tr\/wp-content\/uploads\/2023\/10\/OZ-BAKIM-UYGULAMALARI-31-1024x1024.png 1024w, https:\/\/zerdaliegitim.com.tr\/wp-content\/uploads\/2023\/10\/OZ-BAKIM-UYGULAMALARI-31-150x150.png 150w, https:\/\/zerdaliegitim.com.tr\/wp-content\/uploads\/2023\/10\/OZ-BAKIM-UYGULAMALARI-31-768x768.png 768w, https:\/\/zerdaliegitim.com.tr\/wp-content\/uploads\/2023\/10\/OZ-BAKIM-UYGULAMALARI-31.png 1181w\" sizes=\"auto, (max-width: 121px) 100vw, 121px\" \/><img loading=\"lazy\" decoding=\"async\" class=\"wp-image-184 alignleft\" src=\"https:\/\/zerdaliegitim.com.tr\/wp-content\/uploads\/2023\/10\/OZ-BAKIM-UYGULAMALARI-32-300x300.png\" alt=\"\" width=\"121\" height=\"121\" srcset=\"https:\/\/zerdaliegitim.com.tr\/wp-content\/uploads\/2023\/10\/OZ-BAKIM-UYGULAMALARI-32-300x300.png 300w, https:\/\/zerdaliegitim.com.tr\/wp-content\/uploads\/2023\/10\/OZ-BAKIM-UYGULAMALARI-32-1024x1024.png 1024w, https:\/\/zerdaliegitim.com.tr\/wp-content\/uploads\/2023\/10\/OZ-BAKIM-UYGULAMALARI-32-150x150.png 150w, https:\/\/zerdaliegitim.com.tr\/wp-content\/uploads\/2023\/10\/OZ-BAKIM-UYGULAMALARI-32-768x768.png 768w, https:\/\/zerdaliegitim.com.tr\/wp-content\/uploads\/2023\/10\/OZ-BAKIM-UYGULAMALARI-32.png 1181w\" sizes=\"auto, (max-width: 121px) 100vw, 121px\" \/><\/p>\n","protected":false},"excerpt":{"rendered":"<p>5 ya\u015f grubu daha e\u011flence odakl\u0131 d\u00fc\u015f\u00fcnmeye ba\u015flar. Bu grupta sesleri tan\u0131ma, sanat at\u00f6lyeleri, m\u00fczik dersleri, dans e\u011fitimleri, jimnastik e\u011fitimleri, Spor e\u011fitimleri ve bunun gibi motor geli\u015fim ve beden kordinasyonunu destekleyici oyunlar oynan\u0131r. &nbsp; 5 Ya\u015f Grubunda Neler Yap\u0131yoruz\u2026<\/p>\n","protected":false},"author":1,"featured_media":0,"parent":0,"menu_order":0,"comment_status":"closed","ping_status":"closed","template":"","meta":{"footnotes":""},"class_list":["post-92","page","type-page","status-publish","hentry"],"_links":{"self":[{"href":"https:\/\/zerdaliegitim.com.tr\/index.php?rest_route=\/wp\/v2\/pages\/92","targetHints":{"allow":["GET"]}}],"collection":[{"href":"https:\/\/zerdaliegitim.com.tr\/index.php?rest_route=\/wp\/v2\/pages"}],"about":[{"href":"https:\/\/zerdaliegitim.com.tr\/index.php?rest_route=\/wp\/v2\/types\/page"}],"author":[{"embeddable":true,"href":"https:\/\/zerdaliegitim.com.tr\/index.php?rest_route=\/wp\/v2\/users\/1"}],"replies":[{"embeddable":true,"href":"https:\/\/zerdaliegitim.com.tr\/index.php?rest_route=%2Fwp%2Fv2%2Fcomments&post=92"}],"version-history":[{"count":11,"href":"https:\/\/zerdaliegitim.com.tr\/index.php?rest_route=\/wp\/v2\/pages\/92\/revisions"}],"predecessor-version":[{"id":185,"href":"https:\/\/zerdaliegitim.com.tr\/index.php?rest_route=\/wp\/v2\/pages\/92\/revisions\/185"}],"wp:attachment":[{"href":"https:\/\/zerdaliegitim.com.tr\/index.php?rest_route=%2Fwp%2Fv2%2Fmedia&parent=92"}],"curies":[{"name":"wp","href":"https:\/\/api.w.org\/{rel}","templated":true}]}}